{"id":121,"date":"2017-08-10T17:54:44","date_gmt":"2017-08-10T15:54:44","guid":{"rendered":"http:\/\/allco.altervista.org\/?page_id=121"},"modified":"2020-04-01T13:42:44","modified_gmt":"2020-04-01T11:42:44","slug":"lamiere","status":"publish","type":"page","link":"https:\/\/allco.tesecom.net\/de\/architettura-2\/lamiere\/","title":{"rendered":"Bleche"},"content":{"rendered":"<p class=\"lead\"><\/p>\n<p>Das naturblanke Aluminium mit seiner unbehandelten Oberfl\u00e4che bietet einige Merkmale, die es als Werkstoff besonders interessant machen. Dabei ist seine gute Schwei\u00dfbarkeit, sehr gute Anodisierbarkeit und gute Seewasserbest\u00e4ndigkeit besonders hervorzuheben, weswegen es sowohl im Beh\u00e4lterbau, als auch im Schiffsbau, Fahrzeugbau, Maschinen- und Vorrichtungsbau und der Lebensmittelindustrie Anwendung findet.<\/p>\n<p><\/p>","protected":false},"excerpt":{"rendered":"<p>Das naturblanke Aluminium mit seiner unbehandelten Oberfl\u00e4che bietet einige Merkmale, die es als Werkstoff besonders interessant machen. Dabei ist seine gute Schwei\u00dfbarkeit, sehr gute Anodisierbarkeit und gute Seewasserbest\u00e4ndigkeit besonders hervorzuheben, weswegen es sowohl im Beh\u00e4lterbau, als auch im Schiffsbau, Fahrzeugbau, Maschinen- und Vorrichtungsbau und der Lebensmittelindustrie Anwendung findet.<\/p>\n","protected":false},"author":1,"featured_media":893,"parent":15,"menu_order":10,"comment_status":"closed","ping_status":"closed","template":"page-left-sidebar.php","meta":{"footnotes":""},"class_list":["post-121","page","type-page","status-publish","has-post-thumbnail","hentry"],"aioseo_notices":[],"_links":{"self":[{"href":"https:\/\/allco.tesecom.net\/de\/wp-json\/wp\/v2\/pages\/121","targetHints":{"allow":["GET"]}}],"collection":[{"href":"https:\/\/allco.tesecom.net\/de\/wp-json\/wp\/v2\/pages"}],"about":[{"href":"https:\/\/allco.tesecom.net\/de\/wp-json\/wp\/v2\/types\/page"}],"author":[{"embeddable":true,"href":"https:\/\/allco.tesecom.net\/de\/wp-json\/wp\/v2\/users\/1"}],"replies":[{"embeddable":true,"href":"https:\/\/allco.tesecom.net\/de\/wp-json\/wp\/v2\/comments?post=121"}],"version-history":[{"count":7,"href":"https:\/\/allco.tesecom.net\/de\/wp-json\/wp\/v2\/pages\/121\/revisions"}],"predecessor-version":[{"id":3397,"href":"https:\/\/allco.tesecom.net\/de\/wp-json\/wp\/v2\/pages\/121\/revisions\/3397"}],"up":[{"embeddable":true,"href":"https:\/\/allco.tesecom.net\/de\/wp-json\/wp\/v2\/pages\/15"}],"wp:featuredmedia":[{"embeddable":true,"href":"https:\/\/allco.tesecom.net\/de\/wp-json\/wp\/v2\/media\/893"}],"wp:attachment":[{"href":"https:\/\/allco.tesecom.net\/de\/wp-json\/wp\/v2\/media?parent=121"}],"curies":[{"name":"wp","href":"https:\/\/api.w.org\/{rel}","templated":true}]}}