{"id":119,"date":"2017-08-10T17:54:11","date_gmt":"2017-08-10T15:54:11","guid":{"rendered":"http:\/\/allco.altervista.org\/?page_id=119"},"modified":"2024-10-02T12:11:49","modified_gmt":"2024-10-02T10:11:49","slug":"altri-prodotti","status":"publish","type":"page","link":"https:\/\/allco.tesecom.net\/de\/architettura-2\/altri-prodotti\/","title":{"rendered":"Weitere Produkte"},"content":{"rendered":"<p class=\"lead\"><\/p>\n<p>Tore, Gel\u00e4nder, Z\u00e4une, Sichtschutz, Bodendielen: Lassen Sie sich begeistern von unserer riesigen Auswahl an Alu-Balkongel\u00e4ndern, Aluminium-Toren (Alu-Drehtore, Aluminium-Schiebetore), Alu-Zaunfeldern oder kompletten Aluminiumz\u00e4unen, Alu-Sichtschutz-Elementen sowie einer Aluminiumdiele als Aluminium-Bodenbelag oder Aludiele f\u00fcr den Wandeinsatz.<\/p>\n<p><\/p>","protected":false},"excerpt":{"rendered":"<p>Tore, Gel\u00e4nder, Z\u00e4une, Sichtschutz, Bodendielen: Lassen Sie sich begeistern von unserer riesigen Auswahl an Alu-Balkongel\u00e4ndern, Aluminium-Toren (Alu-Drehtore, Aluminium-Schiebetore), Alu-Zaunfeldern oder kompletten Aluminiumz\u00e4unen, Alu-Sichtschutz-Elementen sowie einer Aluminiumdiele als Aluminium-Bodenbelag oder Aludiele f\u00fcr den Wandeinsatz.<\/p>\n","protected":false},"author":1,"featured_media":0,"parent":15,"menu_order":11,"comment_status":"closed","ping_status":"closed","template":"page-left-sidebar-child .php","meta":{"footnotes":""},"class_list":["post-119","page","type-page","status-publish","hentry"],"aioseo_notices":[],"_links":{"self":[{"href":"https:\/\/allco.tesecom.net\/de\/wp-json\/wp\/v2\/pages\/119","targetHints":{"allow":["GET"]}}],"collection":[{"href":"https:\/\/allco.tesecom.net\/de\/wp-json\/wp\/v2\/pages"}],"about":[{"href":"https:\/\/allco.tesecom.net\/de\/wp-json\/wp\/v2\/types\/page"}],"author":[{"embeddable":true,"href":"https:\/\/allco.tesecom.net\/de\/wp-json\/wp\/v2\/users\/1"}],"replies":[{"embeddable":true,"href":"https:\/\/allco.tesecom.net\/de\/wp-json\/wp\/v2\/comments?post=119"}],"version-history":[{"count":14,"href":"https:\/\/allco.tesecom.net\/de\/wp-json\/wp\/v2\/pages\/119\/revisions"}],"predecessor-version":[{"id":4719,"href":"https:\/\/allco.tesecom.net\/de\/wp-json\/wp\/v2\/pages\/119\/revisions\/4719"}],"up":[{"embeddable":true,"href":"https:\/\/allco.tesecom.net\/de\/wp-json\/wp\/v2\/pages\/15"}],"wp:attachment":[{"href":"https:\/\/allco.tesecom.net\/de\/wp-json\/wp\/v2\/media?parent=119"}],"curies":[{"name":"wp","href":"https:\/\/api.w.org\/{rel}","templated":true}]}}