{"id":113,"date":"2017-08-10T17:53:25","date_gmt":"2017-08-10T15:53:25","guid":{"rendered":"http:\/\/allco.altervista.org\/?page_id=113"},"modified":"2020-03-26T17:28:46","modified_gmt":"2020-03-26T16:28:46","slug":"schermi-oscuranti","status":"publish","type":"page","link":"https:\/\/allco.tesecom.net\/de\/architettura-2\/schermi-oscuranti\/","title":{"rendered":"Sonnenschutz"},"content":{"rendered":"<p class=\"lead\"><\/p>\n<p>Die au\u00dfergew\u00f6hnliche \u00dcberlegenheit des Aluminiums zum Dienst der Sicherheit und Komfort. Lassen Sie sich von unseren dauerhaften und zu jeden Geb\u00e4uden passenden Jalousien erstaunen, die zum hochwirksamen Sonnenschutz dank seinen festen oder regelbaren Lamellen entwickelt worden war.<\/p>\n<p><\/p>","protected":false},"excerpt":{"rendered":"<p>Die au\u00dfergew\u00f6hnliche \u00dcberlegenheit des Aluminiums zum Dienst der Sicherheit und Komfort. Lassen Sie sich von unseren dauerhaften und zu jeden Geb\u00e4uden passenden Jalousien erstaunen, die zum hochwirksamen Sonnenschutz dank seinen festen oder regelbaren Lamellen entwickelt worden war.<\/p>\n","protected":false},"author":1,"featured_media":0,"parent":15,"menu_order":5,"comment_status":"closed","ping_status":"closed","template":"page-left-sidebar-child .php","meta":{"footnotes":""},"class_list":["post-113","page","type-page","status-publish","hentry"],"aioseo_notices":[],"_links":{"self":[{"href":"https:\/\/allco.tesecom.net\/de\/wp-json\/wp\/v2\/pages\/113","targetHints":{"allow":["GET"]}}],"collection":[{"href":"https:\/\/allco.tesecom.net\/de\/wp-json\/wp\/v2\/pages"}],"about":[{"href":"https:\/\/allco.tesecom.net\/de\/wp-json\/wp\/v2\/types\/page"}],"author":[{"embeddable":true,"href":"https:\/\/allco.tesecom.net\/de\/wp-json\/wp\/v2\/users\/1"}],"replies":[{"embeddable":true,"href":"https:\/\/allco.tesecom.net\/de\/wp-json\/wp\/v2\/comments?post=113"}],"version-history":[{"count":13,"href":"https:\/\/allco.tesecom.net\/de\/wp-json\/wp\/v2\/pages\/113\/revisions"}],"predecessor-version":[{"id":3347,"href":"https:\/\/allco.tesecom.net\/de\/wp-json\/wp\/v2\/pages\/113\/revisions\/3347"}],"up":[{"embeddable":true,"href":"https:\/\/allco.tesecom.net\/de\/wp-json\/wp\/v2\/pages\/15"}],"wp:attachment":[{"href":"https:\/\/allco.tesecom.net\/de\/wp-json\/wp\/v2\/media?parent=113"}],"curies":[{"name":"wp","href":"https:\/\/api.w.org\/{rel}","templated":true}]}}