{"id":111,"date":"2017-08-10T17:53:10","date_gmt":"2017-08-10T15:53:10","guid":{"rendered":"http:\/\/allco.altervista.org\/?page_id=111"},"modified":"2021-05-31T16:19:51","modified_gmt":"2021-05-31T14:19:51","slug":"sistemi-alluminio-legno","status":"publish","type":"page","link":"https:\/\/allco.tesecom.net\/de\/architettura-2\/sistemi-alluminio-legno\/","title":{"rendered":"Holz-Alu Fl\u00fcgelsysteme"},"content":{"rendered":"<p class=\"lead\"><\/p>\n<p>Die St\u00e4rke des Aluminiums in Verbindung mit der Sch\u00f6nheit des Holzes. Eleganten Profile f\u00fcr feinen Wohnungen oder Handelsgeb\u00e4ude. Entdecken Sie die Vielfalt von unserem Angebot an Fl\u00fcgel- und Schiebesystemen.<\/p>\n<p><\/p>","protected":false},"excerpt":{"rendered":"<p>Die St\u00e4rke des Aluminiums in Verbindung mit der Sch\u00f6nheit des Holzes. Eleganten Profile f\u00fcr feinen Wohnungen oder Handelsgeb\u00e4ude. Entdecken Sie die Vielfalt von unserem Angebot an Fl\u00fcgel- und Schiebesystemen.<\/p>\n","protected":false},"author":1,"featured_media":0,"parent":15,"menu_order":4,"comment_status":"closed","ping_status":"closed","template":"page-left-sidebar-child .php","meta":{"footnotes":""},"class_list":["post-111","page","type-page","status-publish","hentry"],"aioseo_notices":[],"_links":{"self":[{"href":"https:\/\/allco.tesecom.net\/de\/wp-json\/wp\/v2\/pages\/111","targetHints":{"allow":["GET"]}}],"collection":[{"href":"https:\/\/allco.tesecom.net\/de\/wp-json\/wp\/v2\/pages"}],"about":[{"href":"https:\/\/allco.tesecom.net\/de\/wp-json\/wp\/v2\/types\/page"}],"author":[{"embeddable":true,"href":"https:\/\/allco.tesecom.net\/de\/wp-json\/wp\/v2\/users\/1"}],"replies":[{"embeddable":true,"href":"https:\/\/allco.tesecom.net\/de\/wp-json\/wp\/v2\/comments?post=111"}],"version-history":[{"count":15,"href":"https:\/\/allco.tesecom.net\/de\/wp-json\/wp\/v2\/pages\/111\/revisions"}],"predecessor-version":[{"id":4041,"href":"https:\/\/allco.tesecom.net\/de\/wp-json\/wp\/v2\/pages\/111\/revisions\/4041"}],"up":[{"embeddable":true,"href":"https:\/\/allco.tesecom.net\/de\/wp-json\/wp\/v2\/pages\/15"}],"wp:attachment":[{"href":"https:\/\/allco.tesecom.net\/de\/wp-json\/wp\/v2\/media?parent=111"}],"curies":[{"name":"wp","href":"https:\/\/api.w.org\/{rel}","templated":true}]}}