{"id":11,"date":"2017-08-08T17:00:52","date_gmt":"2017-08-08T15:00:52","guid":{"rendered":"http:\/\/localhost\/lavori\/allco\/?page_id=11"},"modified":"2022-01-10T15:51:31","modified_gmt":"2022-01-10T14:51:31","slug":"certificazioni","status":"publish","type":"page","link":"https:\/\/allco.tesecom.net\/de\/allco-group\/certificazioni\/","title":{"rendered":"Zertifizierungen"},"content":{"rendered":"<p class=\"lead\"><\/p>\n<p>Wir sind stolz auf unsere Zertifizierungen.<\/p>\n<p>Wir sind stolz darauf, weil sie die Qualit\u00e4t unserer Arbeit, die Genauigkeit unserer Forschungen und die Zuverl\u00e4ssigkeit unserer Anlagen pr\u00fcfen. Dazu stellen sie effektive Garantie f\u00fcr unsere Kunden dar, die von unabh\u00e4ngigen \u00dcberwachungsbeh\u00f6rden und -Instituten gew\u00e4hrleistet sind. Unsere Strangpressprofile r\u00fchmen sich mit europ\u00e4ischen Qualit\u00e4tszertifizierungen wie Qualicoat (Pulverbeschichtung), Qualitherm (thermische Trennung) und Seaside (Widerstand in Meeresumwelt). Die Aktivit\u00e4t der ganzen Gruppe ist nach UNI EN ISO 9001:2008 f\u00fcr die F\u00fchrung der Firmenqualit\u00e4t und nach UNI EN ISO 14001:2004 f\u00fcr die Umweltschutzpolitik zertifiziert. Darunter finden Sie eine Liste alle unserer Zertifikate.<\/p>\n<p><\/p>","protected":false},"excerpt":{"rendered":"<p>Wir sind stolz auf unsere Zertifizierungen. Wir sind stolz darauf, weil sie die Qualit\u00e4t unserer Arbeit, die Genauigkeit unserer Forschungen und die Zuverl\u00e4ssigkeit unserer Anlagen pr\u00fcfen. Dazu stellen sie effektive Garantie f\u00fcr unsere Kunden dar, die von unabh\u00e4ngigen \u00dcberwachungsbeh\u00f6rden und -Instituten gew\u00e4hrleistet sind. Unsere Strangpressprofile r\u00fchmen sich mit europ\u00e4ischen Qualit\u00e4tszertifizierungen wie Qualicoat (Pulverbeschichtung), Qualitherm (thermische&#8230;<\/p>\n","protected":false},"author":1,"featured_media":1216,"parent":5,"menu_order":0,"comment_status":"closed","ping_status":"closed","template":"page-certificazioni.php","meta":{"footnotes":""},"class_list":["post-11","page","type-page","status-publish","has-post-thumbnail","hentry"],"aioseo_notices":[],"_links":{"self":[{"href":"https:\/\/allco.tesecom.net\/de\/wp-json\/wp\/v2\/pages\/11","targetHints":{"allow":["GET"]}}],"collection":[{"href":"https:\/\/allco.tesecom.net\/de\/wp-json\/wp\/v2\/pages"}],"about":[{"href":"https:\/\/allco.tesecom.net\/de\/wp-json\/wp\/v2\/types\/page"}],"author":[{"embeddable":true,"href":"https:\/\/allco.tesecom.net\/de\/wp-json\/wp\/v2\/users\/1"}],"replies":[{"embeddable":true,"href":"https:\/\/allco.tesecom.net\/de\/wp-json\/wp\/v2\/comments?post=11"}],"version-history":[{"count":11,"href":"https:\/\/allco.tesecom.net\/de\/wp-json\/wp\/v2\/pages\/11\/revisions"}],"predecessor-version":[{"id":4193,"href":"https:\/\/allco.tesecom.net\/de\/wp-json\/wp\/v2\/pages\/11\/revisions\/4193"}],"up":[{"embeddable":true,"href":"https:\/\/allco.tesecom.net\/de\/wp-json\/wp\/v2\/pages\/5"}],"wp:featuredmedia":[{"embeddable":true,"href":"https:\/\/allco.tesecom.net\/de\/wp-json\/wp\/v2\/media\/1216"}],"wp:attachment":[{"href":"https:\/\/allco.tesecom.net\/de\/wp-json\/wp\/v2\/media?parent=11"}],"curies":[{"name":"wp","href":"https:\/\/api.w.org\/{rel}","templated":true}]}}